{"id":186,"date":"2023-01-12T15:47:26","date_gmt":"2023-01-12T13:47:26","guid":{"rendered":"https:\/\/neogym.md\/?page_id=186"},"modified":"2026-03-16T11:09:15","modified_gmt":"2026-03-16T09:09:15","slug":"contacte","status":"publish","type":"page","link":"https:\/\/neogym.md\/ro\/kontakty\/","title":{"rendered":"Contacte"},"content":{"rendered":"<div data-elementor-type=\"wp-page\" data-elementor-id=\"186\" class=\"elementor elementor-186\" data-elementor-post-type=\"page\">\n\t\t\t\t\t\t<section class=\"has_eae_slider elementor-section elementor-top-section elementor-element elementor-element-77361920 elementor-section-height-min-height elementor-section-boxed elementor-section-height-default elementor-section-items-middle\" data-eae-slider=\"47789\" data-id=\"77361920\" data-element_type=\"section\" data-e-type=\"section\" data-settings=\"{&quot;background_background&quot;:&quot;classic&quot;}\">\n\t\t\t\t\t\t<div class=\"elementor-container elementor-column-gap-no\">\n\t\t\t\t\t<div class=\"has_eae_slider elementor-column elementor-col-100 elementor-top-column elementor-element elementor-element-6e42a0ab\" data-eae-slider=\"94099\" data-id=\"6e42a0ab\" data-element_type=\"column\" data-e-type=\"column\">\n\t\t\t<div class=\"elementor-widget-wrap elementor-element-populated\">\n\t\t\t\t\t\t<div class=\"elementor-element elementor-element-8562349 premium-header-block premium-lq__none premium-box-lq__none elementor-widget elementor-widget-premium-addon-dual-header\" data-id=\"8562349\" data-element_type=\"widget\" data-e-type=\"widget\" data-widget_type=\"premium-addon-dual-header.default\">\n\t\t\t\t\t\n\t\t<div class=\"elementor-widget-container\">\n\t\t\t\t\t<h2 class=\"premium-dual-header-first-header\"><span class=\"premium-dual-header-first-span\">NEOGYM FITNESS <\/span><span class=\"premium-dual-header-second-header\">UNDE SUNTEM<\/span><\/h2> \t\t\t\t<\/div>\n\n\t\t\t\t\t\t<\/div>\n\t\t\t\t\t<\/div>\n\t\t<\/div>\n\t\t\t\t\t<\/div>\n\t\t<\/section>\n\t\t\t\t<section class=\"has_eae_slider elementor-section elementor-top-section elementor-element elementor-element-5fbd8cc8 elementor-section-boxed elementor-section-height-default elementor-section-height-default\" data-eae-slider=\"94826\" data-id=\"5fbd8cc8\" data-element_type=\"section\" data-e-type=\"section\" data-settings=\"{&quot;background_background&quot;:&quot;classic&quot;}\">\n\t\t\t\t\t\t<div class=\"elementor-container elementor-column-gap-default\">\n\t\t\t\t\t<div class=\"has_eae_slider elementor-column elementor-col-50 elementor-top-column elementor-element elementor-element-6b779acb\" data-eae-slider=\"76814\" data-id=\"6b779acb\" data-element_type=\"column\" data-e-type=\"column\">\n\t\t\t<div class=\"elementor-widget-wrap elementor-element-populated\">\n\t\t\t\t\t\t<div class=\"elementor-element elementor-element-52396018 elementor-widget elementor-widget-spacer\" data-id=\"52396018\" data-element_type=\"widget\" data-e-type=\"widget\" data-widget_type=\"spacer.default\">\n\t\t\t\t<div class=\"elementor-widget-container\">\n\t\t\t\t\t\t\t<div class=\"elementor-spacer\">\n\t\t\t<div class=\"elementor-spacer-inner\"><\/div>\n\t\t<\/div>\n\t\t\t\t\t\t<\/div>\n\t\t\t\t<\/div>\n\t\t\t\t\t<\/div>\n\t\t<\/div>\n\t\t\t\t<div class=\"has_eae_slider elementor-column elementor-col-50 elementor-top-column elementor-element elementor-element-4e84e6b9\" data-eae-slider=\"43478\" data-id=\"4e84e6b9\" data-element_type=\"column\" data-e-type=\"column\">\n\t\t\t<div class=\"elementor-widget-wrap elementor-element-populated\">\n\t\t\t\t\t\t<section class=\"has_eae_slider elementor-section elementor-inner-section elementor-element elementor-element-4f948f61 elementor-section-full_width elementor-section-height-default elementor-section-height-default\" data-eae-slider=\"98991\" data-id=\"4f948f61\" data-element_type=\"section\" data-e-type=\"section\">\n\t\t\t\t\t\t<div class=\"elementor-container elementor-column-gap-no\">\n\t\t\t\t\t<div class=\"has_eae_slider elementor-column elementor-col-33 elementor-inner-column elementor-element elementor-element-1b1e2352\" data-eae-slider=\"59478\" data-id=\"1b1e2352\" data-element_type=\"column\" data-e-type=\"column\">\n\t\t\t<div class=\"elementor-widget-wrap elementor-element-populated\">\n\t\t\t\t\t\t<div class=\"elementor-element elementor-element-7a2db378 premium-header-block premium-lq__none premium-box-lq__none elementor-widget elementor-widget-premium-addon-dual-header\" data-id=\"7a2db378\" data-element_type=\"widget\" data-e-type=\"widget\" data-widget_type=\"premium-addon-dual-header.default\">\n\t\t\t\t\t\n\t\t<div class=\"elementor-widget-container\">\n\t\t\t\t\t<h4 class=\"premium-dual-header-first-header\"><span class=\"premium-dual-header-first-span\">CLUBUL NOSTRU DE FITNESS  <\/span><span class=\"premium-dual-header-second-header\">GAZAT AICI:<\/span><\/h4> \t\t\t\t<\/div>\n\n\t\t\t\t\t\t<\/div>\n\t\t\t\t\t<\/div>\n\t\t<\/div>\n\t\t\t\t<div class=\"has_eae_slider elementor-column elementor-col-66 elementor-inner-column elementor-element elementor-element-8020e41\" data-eae-slider=\"99507\" data-id=\"8020e41\" data-element_type=\"column\" data-e-type=\"column\">\n\t\t\t<div class=\"elementor-widget-wrap elementor-element-populated\">\n\t\t\t\t\t\t<div class=\"elementor-element elementor-element-c6d061b premium-header-block premium-lq__none premium-box-lq__none elementor-widget elementor-widget-premium-addon-dual-header\" data-id=\"c6d061b\" data-element_type=\"widget\" data-e-type=\"widget\" data-widget_type=\"premium-addon-dual-header.default\">\n\t\t\t\t\t\n\t\t<div class=\"elementor-widget-container\">\n\t\t\t\t\t<h4 class=\"premium-dual-header-first-header\"><span class=\"premium-dual-header-first-span\">SUNTEM U\u0218OR DE G\u0102SIT,  <\/span><span class=\"premium-dual-header-second-header\">\u0218I SUNTEM CONVENI\u021aI S\u0102 AJUNGEM<\/span><\/h4> \t\t\t\t<\/div>\n\n\t\t\t\t\t\t<\/div>\n\t\t\t\t\t<\/div>\n\t\t<\/div>\n\t\t\t\t\t<\/div>\n\t\t<\/section>\n\t\t\t\t<section class=\"has_eae_slider elementor-section elementor-inner-section elementor-element elementor-element-5f2c451c elementor-section-full_width elementor-section-height-default elementor-section-height-default\" data-eae-slider=\"97654\" data-id=\"5f2c451c\" data-element_type=\"section\" data-e-type=\"section\">\n\t\t\t\t\t\t<div class=\"elementor-container elementor-column-gap-no\">\n\t\t\t\t\t<div class=\"has_eae_slider elementor-column elementor-col-50 elementor-inner-column elementor-element elementor-element-19a01a6e\" data-eae-slider=\"940\" data-id=\"19a01a6e\" data-element_type=\"column\" data-e-type=\"column\">\n\t\t\t<div class=\"elementor-widget-wrap elementor-element-populated\">\n\t\t\t\t\t\t<div class=\"elementor-element elementor-element-f0f043f elementor-widget elementor-widget-text-editor\" data-id=\"f0f043f\" data-element_type=\"widget\" data-e-type=\"widget\" data-widget_type=\"text-editor.default\">\n\t\t\t\t<div class=\"elementor-widget-container\">\n\t\t\t\t\t\t\t\t\t<p>Republica Moldova,<br \/>Chi\u0219in\u0103u, <br \/>Stefan cel Mare 202, bloc 2, etaj 5<\/p><p><em>Luni \u2013 Vineri \u2013 7.00 \u2013 22.00<\/em><\/p><p><em>S\u00e2mb\u0103t\u0103 \u2013 8.00 \u2013 20.00<\/em><\/p><p><em>Duminic\u0103 - 9.00 - 19.00<\/em><\/p>\t\t\t\t\t\t\t\t<\/div>\n\t\t\t\t<\/div>\n\t\t\t\t<div class=\"elementor-element elementor-element-150da46c e-grid-align-left elementor-shape-rounded elementor-grid-0 elementor-widget elementor-widget-social-icons\" data-id=\"150da46c\" data-element_type=\"widget\" data-e-type=\"widget\" data-widget_type=\"social-icons.default\">\n\t\t\t\t<div class=\"elementor-widget-container\">\n\t\t\t\t\t\t\t<div class=\"elementor-social-icons-wrapper elementor-grid\" role=\"list\">\n\t\t\t\t\t\t\t<span class=\"elementor-grid-item\" role=\"listitem\">\n\t\t\t\t\t<a class=\"elementor-icon elementor-social-icon elementor-social-icon-facebook elementor-repeater-item-fe50a60\" href=\"https:\/\/www.facebook.com\/NeoGymMD\" target=\"_blank\" rel=\"nofollow noopener\">\n\t\t\t\t\t\t<span class=\"elementor-screen-only\">Facebook<\/span>\n\t\t\t\t\t\t<i aria-hidden=\"true\" class=\"fab fa-facebook\"><\/i>\t\t\t\t\t<\/a>\n\t\t\t\t<\/span>\n\t\t\t\t\t\t\t<span class=\"elementor-grid-item\" role=\"listitem\">\n\t\t\t\t\t<a class=\"elementor-icon elementor-social-icon elementor-social-icon-instagram elementor-repeater-item-3107239\" href=\"https:\/\/www.instagram.com\/fitness_neogym\/\" target=\"_blank\" rel=\"nofollow noopener\">\n\t\t\t\t\t\t<span class=\"elementor-screen-only\">Instagram<\/span>\n\t\t\t\t\t\t<i aria-hidden=\"true\" class=\"fab fa-instagram\"><\/i>\t\t\t\t\t<\/a>\n\t\t\t\t<\/span>\n\t\t\t\t\t\t\t<span class=\"elementor-grid-item\" role=\"listitem\">\n\t\t\t\t\t<a class=\"elementor-icon elementor-social-icon elementor-social-icon-youtube elementor-repeater-item-dc47a22\" href=\"https:\/\/www.youtube.com\/channel\/UCvhMSkWb-KokE6OVT3PKC9g\" target=\"_blank\" rel=\"nofollow noopener\">\n\t\t\t\t\t\t<span class=\"elementor-screen-only\">Youtube<\/span>\n\t\t\t\t\t\t<i aria-hidden=\"true\" class=\"fab fa-youtube\"><\/i>\t\t\t\t\t<\/a>\n\t\t\t\t<\/span>\n\t\t\t\t\t\t\t<span class=\"elementor-grid-item\" role=\"listitem\">\n\t\t\t\t\t<a class=\"elementor-icon elementor-social-icon elementor-social-icon-pinterest elementor-repeater-item-9270073\" href=\"https:\/\/ru.pinterest.com\/neogymclub\/fitness-club-neogym\/\" target=\"_blank\" rel=\"nofollow noopener\">\n\t\t\t\t\t\t<span class=\"elementor-screen-only\">Pinterest<\/span>\n\t\t\t\t\t\t<i aria-hidden=\"true\" class=\"fab fa-pinterest\"><\/i>\t\t\t\t\t<\/a>\n\t\t\t\t<\/span>\n\t\t\t\t\t<\/div>\n\t\t\t\t\t\t<\/div>\n\t\t\t\t<\/div>\n\t\t\t\t\t<\/div>\n\t\t<\/div>\n\t\t\t\t<div class=\"has_eae_slider elementor-column elementor-col-50 elementor-inner-column elementor-element elementor-element-1b292bd6\" data-eae-slider=\"99787\" data-id=\"1b292bd6\" data-element_type=\"column\" data-e-type=\"column\">\n\t\t\t<div class=\"elementor-widget-wrap elementor-element-populated\">\n\t\t\t\t\t\t<div class=\"elementor-element elementor-element-6b4aafa elementor-widget elementor-widget-text-editor\" data-id=\"6b4aafa\" data-element_type=\"widget\" data-e-type=\"widget\" data-widget_type=\"text-editor.default\">\n\t\t\t\t<div class=\"elementor-widget-container\">\n\t\t\t\t\t\t\t\t\t<p>Clubul de fitness NeoGym este situat convenabil \u00een centrul de afaceri Kentford, la intersec\u021bia a patru microdistricte ale capitalei. Avem parcare securizat\u0103 \u0219i nu ve\u021bi avea niciodat\u0103 probleme cu transportul personal.<\/p><p>Dar nici cu transportul public nu sunt probleme. Orice transport care merge spre zonele Buyukan sau Sculyanki trece prin apropiere.<\/p><p>Dac\u0103 mai ave\u021bi \u00eentreb\u0103ri, v\u0103 rug\u0103m s\u0103 suna\u021bi <a href=\"tel:37322883838\">022-88-38-38<\/a> sau folosi\u021bi formularul de feedback \u0219i scrie\u021bi-ne. Noroc!<\/p>\t\t\t\t\t\t\t\t<\/div>\n\t\t\t\t<\/div>\n\t\t\t\t\t<\/div>\n\t\t<\/div>\n\t\t\t\t\t<\/div>\n\t\t<\/section>\n\t\t\t\t\t<\/div>\n\t\t<\/div>\n\t\t\t\t\t<\/div>\n\t\t<\/section>\n\t\t\t\t<section class=\"has_eae_slider elementor-section elementor-top-section elementor-element elementor-element-170f2190 elementor-section-full_width elementor-section-height-default elementor-section-height-default\" data-eae-slider=\"64580\" data-id=\"170f2190\" data-element_type=\"section\" data-e-type=\"section\">\n\t\t\t\t\t\t<div class=\"elementor-container elementor-column-gap-default\">\n\t\t\t\t\t<div class=\"has_eae_slider elementor-column elementor-col-100 elementor-top-column elementor-element elementor-element-1deb6023\" data-eae-slider=\"90217\" data-id=\"1deb6023\" data-element_type=\"column\" data-e-type=\"column\">\n\t\t\t<div class=\"elementor-widget-wrap elementor-element-populated\">\n\t\t\t\t\t\t<div class=\"elementor-element elementor-element-d85ad41 elementor-widget elementor-widget-html\" data-id=\"d85ad41\" data-element_type=\"widget\" data-e-type=\"widget\" data-widget_type=\"html.default\">\n\t\t\t\t<div class=\"elementor-widget-container\">\n\t\t\t\t\t<iframe src=\"https:\/\/www.google.com\/maps\/embed?pb=!1m14!1m8!1m3!1d10876.595095190625!2d28.8150833!3d47.0373114!3m2!1i1024!2i768!4f13.1!3m3!1m2!1s0x0%3A0xbcb8ea8b1effb526!2sNEOGYM!5e0!3m2!1sru!2s!4v1673686198767!5m2!1sru!2s\" width=\"100%\" height=\"600\" style=\"border:0;\" allowfullscreen=\"\" loading=\"lazy\" referrerpolicy=\"no-referrer-when-downgrade\"><\/iframe>\t\t\t\t<\/div>\n\t\t\t\t<\/div>\n\t\t\t\t\t<\/div>\n\t\t<\/div>\n\t\t\t\t\t<\/div>\n\t\t<\/section>\n\t\t\t\t<\/div>","protected":false},"excerpt":{"rendered":"<p>NEOGYM FITNESS \u0413\u0414\u0415 \u041c\u042b \u041d\u0410\u0428 \u0424\u0418\u0422\u041d\u0415\u0421 \u041a\u041b\u0423\u0411 \u041d\u0410\u0425\u041e\u0414\u0418\u0422\u0421\u042f \u0422\u0423\u0422: \u041d\u0410\u0421 \u041b\u0415\u0413\u041a\u041e \u041d\u0410\u0419\u0422\u0418, \u0418 \u041a \u041d\u0410\u041c \u0423\u0414\u041e\u0411\u041d\u041e \u0414\u041e\u0411\u0418\u0420\u0410\u0422\u042c\u0421\u042f \u0420\u0435\u0441\u043f\u0443\u0431\u043b\u0438\u043a\u0430 \u041c\u043e\u043b\u0434\u043e\u0432\u0430,\u041a\u0438\u0448\u0438\u043d\u0435\u0432, \u0428\u0442\u0435\u0444\u0430\u043d \u0447\u0435\u043b \u041c\u0430\u0440\u0435 202, \u0431\u043b\u043e\u043a 2, \u044d\u0442\u0430\u0436 5 \u041f\u041d &#8212; \u041f\u0422 &#8212; 7.00 \u0434\u043e 22.00 \u0421\u0443\u0431\u0431\u043e\u0442\u0430 &#8212; 8.00 \u0434\u043e 20.00 \u0412\u043e\u0441\u043a\u0440\u0435\u0441\u0435\u043d\u044c\u0435 &#8212; 9.00 \u0434\u043e 19.00 Facebook Instagram Youtube Pinterest \u0424\u0438\u0442\u043d\u0435\u0441\u00a0\u043a\u043b\u0443\u0431 NeoGym \u0443\u0434\u043e\u0431\u043d\u043e \u0440\u0430\u0441\u043f\u043e\u043b\u043e\u0436\u0435\u043d \u0432 \u0431\u0438\u0437\u043d\u0435\u0441 \u0446\u0435\u043d\u0442\u0440\u0435\u00a0Kentford, [&hellip;]<\/p>\n","protected":false},"author":1,"featured_media":0,"parent":0,"menu_order":0,"comment_status":"closed","ping_status":"closed","template":"elementor_header_footer","meta":{"_acf_changed":false,"footnotes":""},"class_list":["post-186","page","type-page","status-publish","hentry"],"acf":[],"_links":{"self":[{"href":"https:\/\/neogym.md\/ro\/wp-json\/wp\/v2\/pages\/186","targetHints":{"allow":["GET"]}}],"collection":[{"href":"https:\/\/neogym.md\/ro\/wp-json\/wp\/v2\/pages"}],"about":[{"href":"https:\/\/neogym.md\/ro\/wp-json\/wp\/v2\/types\/page"}],"author":[{"embeddable":true,"href":"https:\/\/neogym.md\/ro\/wp-json\/wp\/v2\/users\/1"}],"replies":[{"embeddable":true,"href":"https:\/\/neogym.md\/ro\/wp-json\/wp\/v2\/comments?post=186"}],"version-history":[{"count":43,"href":"https:\/\/neogym.md\/ro\/wp-json\/wp\/v2\/pages\/186\/revisions"}],"predecessor-version":[{"id":1045,"href":"https:\/\/neogym.md\/ro\/wp-json\/wp\/v2\/pages\/186\/revisions\/1045"}],"wp:attachment":[{"href":"https:\/\/neogym.md\/ro\/wp-json\/wp\/v2\/media?parent=186"}],"curies":[{"name":"wp","href":"https:\/\/api.w.org\/{rel}","templated":true}]}}